{"id":104,"date":"2020-04-28T21:10:11","date_gmt":"2020-04-28T21:10:11","guid":{"rendered":"https:\/\/feguihand.com\/?page_id=104"},"modified":"2020-04-30T12:06:49","modified_gmt":"2020-04-30T12:06:49","slug":"bureau-executif","status":"publish","type":"page","link":"https:\/\/feguihand.com\/indexp.php\/bureau-executif\/","title":{"rendered":"Bureau Ex\u00e9cutif"},"content":{"rendered":"<ul>\n<li><strong>Pr\u00e9sident :<\/strong><br \/>\nMamadouba Paye Camara<\/li>\n<li><strong>1er Vice Pr\u00e9sident :<\/strong><br \/>\nMamadou Daye Kebe<\/li>\n<li><strong>2e Vice Pr\u00e9sident :<\/strong><br \/>\nLancinet Kaba<\/li>\n<li><strong>3e Vice Pr\u00e9sident :\u00a0<\/strong><br \/>\nIbrahima Camara<\/li>\n<li><strong>Tr\u00e9sorier :<\/strong><br \/>\nIbrahima Zema Camara<\/li>\n<\/ul>\n","protected":false},"excerpt":{"rendered":"<p>Pr\u00e9sident : Mamadouba Paye Camara 1er Vice Pr\u00e9sident : Mamadou Daye Kebe 2e Vice Pr\u00e9sident : Lancinet Kaba 3e Vice Pr\u00e9sident :\u00a0 Ibrahima Camara Tr\u00e9sorier : Ibrahima Zema Camara<\/p>\n","protected":false},"author":2,"featured_media":0,"parent":0,"menu_order":0,"comment_status":"closed","ping_status":"closed","template":"","meta":{"amp_status":"","footnotes":""},"class_list":["post-104","page","type-page","status-publish","hentry"],"_links":{"self":[{"href":"https:\/\/feguihand.com\/indexp.php\/wp-json\/wp\/v2\/pages\/104","targetHints":{"allow":["GET"]}}],"collection":[{"href":"https:\/\/feguihand.com\/indexp.php\/wp-json\/wp\/v2\/pages"}],"about":[{"href":"https:\/\/feguihand.com\/indexp.php\/wp-json\/wp\/v2\/types\/page"}],"author":[{"embeddable":true,"href":"https:\/\/feguihand.com\/indexp.php\/wp-json\/wp\/v2\/users\/2"}],"replies":[{"embeddable":true,"href":"https:\/\/feguihand.com\/indexp.php\/wp-json\/wp\/v2\/comments?post=104"}],"version-history":[{"count":0,"href":"https:\/\/feguihand.com\/indexp.php\/wp-json\/wp\/v2\/pages\/104\/revisions"}],"wp:attachment":[{"href":"https:\/\/feguihand.com\/indexp.php\/wp-json\/wp\/v2\/media?parent=104"}],"curies":[{"name":"wp","href":"https:\/\/api.w.org\/{rel}","templated":true}]}}